{"id":505,"date":"2025-12-07T09:47:19","date_gmt":"2025-12-07T09:47:19","guid":{"rendered":"https:\/\/wegera.hu\/wp\/?page_id=505"},"modified":"2025-12-07T09:47:19","modified_gmt":"2025-12-07T09:47:19","slug":"tamogatok","status":"publish","type":"page","link":"https:\/\/wegera.hu\/wp\/tamogatok\/","title":{"rendered":"T\u00e1mogat\u00f3k"},"content":{"rendered":"\n\n\n<p>Ercsi mened\u00e9khely tet\u0151szerkezet\u00e9nek fel\u00faj\u00edt\u00e1sa (k\u00f3dsz\u00e1ma: CNP-KP-1-2020\/1-000137.). T\u00e1mogat\u00e1s m\u00e9rt\u00e9ke: 5.000.000 Ft<\/p>\n\n\n\n\n\n<figure class=\"wp-block-image size-full\"><img loading=\"lazy\" decoding=\"async\" width=\"960\" height=\"388\" src=\"https:\/\/wegera.hu\/wp\/wp-content\/uploads\/2025\/12\/bethlen_gabor.jpg\" alt=\"\" class=\"wp-image-506\" srcset=\"https:\/\/wegera.hu\/wp\/wp-content\/uploads\/2025\/12\/bethlen_gabor.jpg 960w, https:\/\/wegera.hu\/wp\/wp-content\/uploads\/2025\/12\/bethlen_gabor-300x121.jpg 300w, https:\/\/wegera.hu\/wp\/wp-content\/uploads\/2025\/12\/bethlen_gabor-768x310.jpg 768w\" sizes=\"auto, (max-width: 960px) 100vw, 960px\" \/><\/figure>\n","protected":false},"excerpt":{"rendered":"","protected":false},"author":2,"featured_media":0,"parent":0,"menu_order":0,"comment_status":"closed","ping_status":"closed","template":"","meta":{"pagelayer_contact_templates":[],"_pagelayer_content":"","footnotes":""},"class_list":["post-505","page","type-page","status-publish","hentry"],"_links":{"self":[{"href":"https:\/\/wegera.hu\/wp\/wp-json\/wp\/v2\/pages\/505","targetHints":{"allow":["GET"]}}],"collection":[{"href":"https:\/\/wegera.hu\/wp\/wp-json\/wp\/v2\/pages"}],"about":[{"href":"https:\/\/wegera.hu\/wp\/wp-json\/wp\/v2\/types\/page"}],"author":[{"embeddable":true,"href":"https:\/\/wegera.hu\/wp\/wp-json\/wp\/v2\/users\/2"}],"replies":[{"embeddable":true,"href":"https:\/\/wegera.hu\/wp\/wp-json\/wp\/v2\/comments?post=505"}],"version-history":[{"count":1,"href":"https:\/\/wegera.hu\/wp\/wp-json\/wp\/v2\/pages\/505\/revisions"}],"predecessor-version":[{"id":508,"href":"https:\/\/wegera.hu\/wp\/wp-json\/wp\/v2\/pages\/505\/revisions\/508"}],"wp:attachment":[{"href":"https:\/\/wegera.hu\/wp\/wp-json\/wp\/v2\/media?parent=505"}],"curies":[{"name":"wp","href":"https:\/\/api.w.org\/{rel}","templated":true}]}}