{"id":438,"date":"2025-02-15T09:57:11","date_gmt":"2025-02-15T09:57:11","guid":{"rendered":"https:\/\/wegera.hu\/wp\/?page_id=438"},"modified":"2025-02-22T09:52:29","modified_gmt":"2025-02-22T09:52:29","slug":"adomanyozasi-modok","status":"publish","type":"page","link":"https:\/\/wegera.hu\/wp\/adomanyozasi-modok\/","title":{"rendered":"Adom\u00e1nyoz\u00e1si m\u00f3dok"},"content":{"rendered":"\n\n\n\n<p><a name=\"utalas\"><\/a><span style=\"font-weight: bold;\">Banki utal\u00e1s:<\/span><br><br>Kedvezm\u00e9nyezett: KUTYA-SEGE\u0301LYSZOLGA\u0301LAT ALAPI\u0301TVA\u0301NY<br><br>CIB BANK: 10700378-43277007-51100005<br><br>IBAN: HU67 10700378 43277007 5110 0005<br><br>SWIFT: CIBHHUHB<\/p>\n\n\n<p><span style=\"font-weight: bold;\"><a name=\"csekk\"><\/a>Csekkes fizet\u00e9s:<\/span><br><br>Alap\u00edtv\u00e1nyunk elektronikus el\u00e9rhet\u0151s\u00e9gein van lehet\u0151s\u00e9g postai (s\u00e1rga) csekket ig\u00e9nyelni.<br><br>K\u00e9rj\u00fck az ig\u00e9nyl\u00e9skor adja meg nev\u00e9t \u00e9s postai c\u00edm\u00e9t, ahova a csekkeket el kell juttatni! K\u00f6sz\u00f6nj\u00fck!<br><br><br><span style=\"font-weight: bold;\"><a name=\"paypal\"><\/a>PAYPAL:<\/span><br>meszaros[kukac]kutyasegelyszolgalat.hu<\/p>\n\n\n<p><span style=\"font-weight: bold;\"><a name=\"repont\"><\/a>RePont:<\/span><br><br>M\u00e1r Repontokon leadott \u00fajrahasznos\u00edthat\u00f3 m\u00fcanyagok ut\u00e1n kapott \u00f6sszegekkel is tudja t\u00e1mogatni alap\u00edtv\u00e1nyunkat.<\/p>\n\n<p>Lorem Ipsum has been the industry&#8217;s standard dummy text ever since the 1500s.<\/p>\n<p><span style=\"font-weight: bold;\"><a name=\"targy\"><\/a>T\u00e1rgyi adom\u00e1nyok:<\/span><br><br>K\u00f6sz\u00f6nettel v\u00e1rjuk t\u00e1rgyi adom\u00e1nyaikat, gondoz\u00f3helyeinken. K\u00e9rj\u00fck, el\u00e9rhet\u0151s\u00e9geink valamelyik\u00e9n el\u0151re jelezze, miel\u0151tt \u00e9rkezne adom\u00e1ny\u00e1val! <br>Mi lenne nagy seg\u00edts\u00e9g:<br> -Konzervek <br> &#8211; T\u00e1pok<br><br>&#8211; Gy\u00f3gyszerek <br><br>&#8211; Tiszt\u00edt\u00f3szer<br><br> &#8211; Takar\u00f3k, pokr\u00f3cok<br><br><\/p>\n\n<p><br><\/p>\n\n\n\n","protected":false},"excerpt":{"rendered":"","protected":false},"author":2,"featured_media":0,"parent":0,"menu_order":0,"comment_status":"closed","ping_status":"closed","template":"","meta":{"pagelayer_contact_templates":[],"_pagelayer_content":"","footnotes":""},"class_list":["post-438","page","type-page","status-publish","hentry"],"_links":{"self":[{"href":"https:\/\/wegera.hu\/wp\/wp-json\/wp\/v2\/pages\/438","targetHints":{"allow":["GET"]}}],"collection":[{"href":"https:\/\/wegera.hu\/wp\/wp-json\/wp\/v2\/pages"}],"about":[{"href":"https:\/\/wegera.hu\/wp\/wp-json\/wp\/v2\/types\/page"}],"author":[{"embeddable":true,"href":"https:\/\/wegera.hu\/wp\/wp-json\/wp\/v2\/users\/2"}],"replies":[{"embeddable":true,"href":"https:\/\/wegera.hu\/wp\/wp-json\/wp\/v2\/comments?post=438"}],"version-history":[{"count":12,"href":"https:\/\/wegera.hu\/wp\/wp-json\/wp\/v2\/pages\/438\/revisions"}],"predecessor-version":[{"id":459,"href":"https:\/\/wegera.hu\/wp\/wp-json\/wp\/v2\/pages\/438\/revisions\/459"}],"wp:attachment":[{"href":"https:\/\/wegera.hu\/wp\/wp-json\/wp\/v2\/media?parent=438"}],"curies":[{"name":"wp","href":"https:\/\/api.w.org\/{rel}","templated":true}]}}