{"id":195,"date":"2025-01-13T10:48:18","date_gmt":"2025-01-13T10:48:18","guid":{"rendered":"https:\/\/wegera.hu\/wp\/?page_id=195"},"modified":"2026-02-21T14:06:35","modified_gmt":"2026-02-21T14:06:35","slug":"orokbefogadott-kutyak","status":"publish","type":"page","link":"https:\/\/wegera.hu\/wp\/orokbefogadott-kutyak\/","title":{"rendered":"\u00d6r\u00f6kbefogadott kuty\u00e1k"},"content":{"rendered":"\n\n\n<p>\u0150k jutottak csal\u00e1dhoz az ut\u00f3bbi id\u0151ben.<\/p>\n\n\n\n\n<br>\n\n\n<br>\n\n\n<br>\n\n\n\n\n<br>\n\n\n<br>\n\n\n<br>\n\n\n\n\n<br>\n\n\n<br>\n\n\n\n\n","protected":false},"excerpt":{"rendered":"","protected":false},"author":3,"featured_media":0,"parent":0,"menu_order":0,"comment_status":"closed","ping_status":"closed","template":"","meta":{"pagelayer_contact_templates":[],"_pagelayer_content":"","footnotes":""},"class_list":["post-195","page","type-page","status-publish","hentry"],"_links":{"self":[{"href":"https:\/\/wegera.hu\/wp\/wp-json\/wp\/v2\/pages\/195","targetHints":{"allow":["GET"]}}],"collection":[{"href":"https:\/\/wegera.hu\/wp\/wp-json\/wp\/v2\/pages"}],"about":[{"href":"https:\/\/wegera.hu\/wp\/wp-json\/wp\/v2\/types\/page"}],"author":[{"embeddable":true,"href":"https:\/\/wegera.hu\/wp\/wp-json\/wp\/v2\/users\/3"}],"replies":[{"embeddable":true,"href":"https:\/\/wegera.hu\/wp\/wp-json\/wp\/v2\/comments?post=195"}],"version-history":[{"count":9,"href":"https:\/\/wegera.hu\/wp\/wp-json\/wp\/v2\/pages\/195\/revisions"}],"predecessor-version":[{"id":564,"href":"https:\/\/wegera.hu\/wp\/wp-json\/wp\/v2\/pages\/195\/revisions\/564"}],"wp:attachment":[{"href":"https:\/\/wegera.hu\/wp\/wp-json\/wp\/v2\/media?parent=195"}],"curies":[{"name":"wp","href":"https:\/\/api.w.org\/{rel}","templated":true}]}}